{"id":447454,"date":"2022-08-11T13:10:06","date_gmt":"2022-08-11T16:10:06","guid":{"rendered":"https:\/\/revistapesquisa.fapesp.br\/?page_id=447454"},"modified":"2024-04-15T15:56:25","modified_gmt":"2024-04-15T18:56:25","slug":"editorial-team","status":"publish","type":"page","link":"https:\/\/revistapesquisa.fapesp.br\/en\/editorial-team\/","title":{"rendered":"Editorial team"},"content":{"rendered":"<p>&nbsp;<\/p>\n<a class=\"button-shortcode\" href=\"https:\/\/revistapesquisa.fapesp.br\/en\/quem-somos\/\">About us<\/a>\n<a class=\"button-shortcode\" href=\"https:\/\/revistapesquisa.fapesp.br\/en\/fale-conosco\/\">Contact<\/a>\n<p>&nbsp;<\/p>\n<p><strong>Scientific Coordinator<\/strong>: Luiz Henrique Lopes dos Santos<\/p>\n<p><strong>Editor in chief:<\/strong>\u00a0<a href=\"mailto:alexandra@fapesp.br\">Alexandra Ozorio de Almeida<\/a><\/p>\n<p><strong>Managing Editor:<\/strong> <a href=\"mailto:neldson@fapesp.br\" target=\"_blank\" rel=\"noopener noreferrer\">Neldson Marcolin<\/a><\/p>\n<p><strong>Executive Editors:<\/strong> <a href=\"mailto:fmarques@fapesp.br\" target=\"_blank\" rel=\"noopener noreferrer\">Fabr\u00edcio Marques<\/a> (<em>Science &amp; Technology Policy<\/em>),\u00a0<a href=\"mailto:%20glenda@fapesp.br\" target=\"_blank\" rel=\"noopener noreferrer\">Glenda Mezarobba<\/a> (<em>Humanities<\/em>),\u00a0<a href=\"mailto:pivetta@fapesp.br\" target=\"_blank\" rel=\"noopener noreferrer\">Marco<wbr \/>s Pivetta<\/a>\u00a0(<em>Science<\/em>),\u00a0<a href=\"mailto:yuriv@uol.com\" target=\"_blank\" rel=\"noopener noreferrer\">Yuri Vasconcelos<\/a> (<em>Technology<\/em>), <a href=\"mailto:fiora@fapesp.br\" target=\"_blank\" rel=\"noopener noreferrer\">Carlos Fioravanti<\/a> and <a href=\"mailto: ricardog@fapesp.br\">Ricardo Zorzetto<\/a> (<em>Special Editors<\/em>)<\/p>\n<p><strong>Reporters:<\/strong>\u00a0<a href=\"mailto:queirozchris@gmail.com\" target=\"_blank\" rel=\"noopener noreferrer\">Christina Queiroz<\/a>,\u00a0<a href=\"mailto:randrade@fapesp.br\" target=\"_blank\" rel=\"noopener noreferrer\">Rodrigo de Oliveira Andrade<\/a><\/p>\n<p><strong>Electronic Media<\/strong>: Fabr\u00edcio Marques (<em>Coordinator<\/em>), <a href=\"mailto:guimaraes@fapesp.br\" target=\"_blank\" rel=\"noopener noreferrer\">Mari<wbr \/>a Guimar\u00e3es<\/a>\u00a0(<em>Executive Editor<\/em>), <a href=\"mailto:rprado@fapesp.br\" target=\"_blank\" rel=\"noopener noreferrer\">Renata Oliveira do Prado<\/a> (<em>Social Media Editor<\/em>), <a href=\"mailto:jlo@fapesp.br\" target=\"_blank\" rel=\"noopener noreferrer\">Jayne Oliveira<\/a> (<em>Social Media copywriter<\/em>), K\u00e9zia Stringhini (<em>Online Copywriter<\/em>), Vit\u00f3ria do Couto (<em>Digital Designer<\/em>) and Sarah Caravieri (<em>Producer of <\/em>Pesquisa Brasil <em>radio show<\/em>)<\/p>\n<p><strong>Video:<\/strong> Renata Druck and Bruno Horowicz Rezende (<em>Production<\/em>)<\/p>\n<p><strong>Art Department:<\/strong> <a href=\"mailto:claudiawarrak2@gmail.com\" target=\"_blank\" rel=\"noopener noreferrer\">Claudia Warrak<\/a> (<em>Editor<\/em>), J\u00falia Cherem Rodrigues and\u00a0 <a href=\"mailto:mcfelli@fapesp.br\" target=\"_blank\" rel=\"noopener noreferrer\">Maria Cecilia Felli<\/a> (<em>Designers<\/em>), Alexandre Affonso (<em>Infographics Editor<\/em>)<\/p>\n<p><strong>Photographer:<\/strong> <a href=\"mailto:leoramoschaves@gmail.com\" target=\"_blank\" rel=\"noopener noreferrer\">L\u00e9o Ramos Chaves<\/a><\/p>\n<p><strong>Image Bank:<\/strong> <a href=\"mailto:vrsilva@fapesp.br\" target=\"_blank\" rel=\"noopener noreferrer\">Valter Rodrigues<\/a><\/p>\n<p><strong>Reviewers:<\/strong> Alexandre Oliveira and Marg\u00f4 Negro<\/p>\n<p><strong>Marketing and Advertising:<\/strong>\u00a0<a href=\"mailto:mpiliadis@fapesp.br\" target=\"_blank\" rel=\"noopener noreferrer\">Paula Iliadis<\/a><\/p>\n<p><strong>Circulation:<\/strong> <a href=\"mailto:AFernandes@fapesp.br\" target=\"_blank\" rel=\"noopener noreferrer\">Aparecida Fernandes<\/a><\/p>\n<p><strong>Operations:<\/strong> <a href=\"mailto:andressa@fapesp.br\" target=\"_blank\" rel=\"noopener noreferrer\">Andressa Matias<\/a><\/p>\n<p><strong>Editorial Assistant:<\/strong> <a href=\"mailto:idt@fapesp.br\" target=\"_blank\" rel=\"noopener noreferrer\">Ingrid Teodoro<\/a><\/p>\n<p><strong>Translation of the Spanish version:<\/strong> Damian Kraus<\/p>\n<p><strong>Translation of the English version<\/strong>: Tom Jamieson, Peter Hunrichs, Tiago Barnavelt, Nancy Berube Lang, Jack Martin. <strong>Coordination\/Review<\/strong>: Ricardo Cunha Lay. Issues 254, 258 e 260 onwards. <strong>Previous team members<\/strong>: Tracy Smith Miyake, Danielle Deremo Cosimo, Tiago Van Rheenen.<\/p>\n<p>TransConsult, Fairfax, VA \u2013 Alberto Abreu, Alison Carroll, Betty E. Welker, Diane Grosklaus Whitty, Donna H. Sandin, Doris M. Schraft, Kathy Ann Mutz, Laura Hafner, Naomi Sutcliffe de Moraes, Steven Sachs. <strong>Coordination\/Review<\/strong>: Kim F. Olson. Edi\u00e7\u00f5es 195 a 259 (exceto edi\u00e7\u00f5es 254 e 258).<\/p>\n<p><strong>Scientific Committee<\/strong>: Luiz Henrique Lopes dos Santos (Presidente), Agma Juci Machado Traina, Am\u00e9rico Martins Craveiro, Anamaria Aranha Camargo, Ana Maria Fonseca Almeida, Angela Maria Alonso, Carlos Am\u00e9rico Pacheco, Claudia L\u00facia Mendes de Oliveira, Deisy das Gra\u00e7as de Souza, Douglas Eduardo Zampieri, Eduardo de Senzi Zancul, Euclides de Mesquita Neto, Fabio Kon, Fl\u00e1vio Vieira Meirelles, Francisco Rafael Martins Laurindo, Jo\u00e3o Luiz Filgueiras de Azevedo, Jos\u00e9 Roberto de Fran\u00e7a Arruda, Lilian Amorim, Lucio Angnes, Luciana Harumi Hashiba Maestrelli Horta, Mariana Cabral de Oliveira, Marco Antonio Zago, Marie-Anne Van Sluys, Maria Julia Manso Alves, Marta Teresa da Silva Arretche, Reinaldo Salom\u00e3o, Richard Charles Garratt, Roberto Marcondes Cesar J\u00fanior, Wagner Caradori do Amaral e Walter Colli<\/p>\n<h5>FAPESP<\/h5>\n<p><a href=\"https:\/\/fapesp.br\/36\/fapesps-board-of-trustees\" target=\"_blank\" rel=\"noopener\">Board of Trustees<\/a><\/p>\n<p><a href=\"https:\/\/fapesp.br\/6151\/fapesps-executive-board\">Executive Board<\/a><\/p>\n<h5>Subscriptions<\/h5>\n<p>Telephone: (+55 11) 3087-4237<br \/>\nEmail: <a href=\"mailto:assinaturaspesquisa@fapesp.br\" target=\"_blank\" rel=\"noopener noreferrer\">assinaturaspesquisa@fapesp.br<\/a><\/p>\n<h5>Advertising<\/h5>\n<p>Paula Iliadis<br \/>\nTelephone: (+55 11) 3087-4212<br \/>\nEmail: <a href=\"mailto:publicidade@fapesp.br\" target=\"_blank\" rel=\"noopener noreferrer\">publicidade@fapesp.br<\/a><\/p>\n<h5>Pesquisa FAPESP Magazine<\/h5>\n<p>Rua Joaquim Antunes, 727, 10\u00b0 andar, CEP 05415-012<br \/>\nPinheiros \u2013 S\u00e3o Paulo \u2013 SP.<br \/>\nTelephone: (+55 11) 3087-4210.<br \/>\nEmail: <a href=\"mailto:redacao@fapesp.br\">redacao@fapesp.br<\/a><\/p>\n<p>Opinion pieces do not necessarily reflect the views of FAPESP.<\/p>\n<p>This article may be republished online\u00a0<u>under the\u00a0<a href=\"https:\/\/creativecommons.org\/licenses\/by-nc-nd\/2.0\/br\/\">CC-BY-NC-ND Creative Commons license<\/a><\/u>. The\u00a0<em>Pesquisa FAPESP<\/em>\u00a0Digital Content Republishing Policy, specified herein, must be followed. In summary, the text must not be edited and the author(s) and source (<em>Pesquisa FAPESP<\/em>) must be credited. Using the \u201crepublish complete article (images and infographics)\u201d button will ensure that these standards.<\/p>\n<p>If in doubt about any of these guidelines, contact us at\u00a0<a href=\"mailto:redacao@fapesp.br\">redacao@fapesp.br<\/a>.<\/p>\n","protected":false},"excerpt":{"rendered":"&nbsp; &nbsp; Scientific Coordinator: Luiz Henrique Lopes dos Santos Editor in chief:\u00a0Alexandra Ozorio de Almeida Managing Editor: Neldson Marcolin Executive Editors: Fabr\u00edcio Marques (Science &amp; Technology Policy),\u00a0Glenda Mezarobba (Humanities),\u00a0Marcos Pivetta\u00a0(Science),\u00a0Yuri Vasconcelos (Technology), Carlos Fioravanti and Ricardo Zorzetto (Special Editors) Reporters:\u00a0Christina Queiroz,\u00a0Rodrigo de Oliveira Andrade Electronic Media: Fabr\u00edcio Marques (Coordinator), Maria Guimar\u00e3es\u00a0(Executive Editor), Renata Oliveira do&#8230; <a class=\"view-article\" href=\"https:\/\/revistapesquisa.fapesp.br\/en\/editorial-team\/\">View Article<\/a>","protected":false},"author":475,"featured_media":0,"parent":0,"menu_order":0,"comment_status":"closed","ping_status":"closed","template":"","meta":{"_acf_changed":false,"_exactmetrics_skip_tracking":false,"_exactmetrics_sitenote_active":false,"_exactmetrics_sitenote_note":"","_exactmetrics_sitenote_category":0,"footnotes":""},"coauthors":[785],"class_list":["post-447454","page","type-page","status-publish","hentry"],"acf":[],"_links":{"self":[{"href":"https:\/\/revistapesquisa.fapesp.br\/en\/wp-json\/wp\/v2\/pages\/447454","targetHints":{"allow":["GET"]}}],"collection":[{"href":"https:\/\/revistapesquisa.fapesp.br\/en\/wp-json\/wp\/v2\/pages"}],"about":[{"href":"https:\/\/revistapesquisa.fapesp.br\/en\/wp-json\/wp\/v2\/types\/page"}],"author":[{"embeddable":true,"href":"https:\/\/revistapesquisa.fapesp.br\/en\/wp-json\/wp\/v2\/users\/475"}],"replies":[{"embeddable":true,"href":"https:\/\/revistapesquisa.fapesp.br\/en\/wp-json\/wp\/v2\/comments?post=447454"}],"version-history":[{"count":11,"href":"https:\/\/revistapesquisa.fapesp.br\/en\/wp-json\/wp\/v2\/pages\/447454\/revisions"}],"predecessor-version":[{"id":509293,"href":"https:\/\/revistapesquisa.fapesp.br\/en\/wp-json\/wp\/v2\/pages\/447454\/revisions\/509293"}],"wp:attachment":[{"href":"https:\/\/revistapesquisa.fapesp.br\/en\/wp-json\/wp\/v2\/media?parent=447454"}],"wp:term":[{"taxonomy":"author","embeddable":true,"href":"https:\/\/revistapesquisa.fapesp.br\/en\/wp-json\/wp\/v2\/coauthors?post=447454"}],"curies":[{"name":"wp","href":"https:\/\/api.w.org\/{rel}","templated":true}]}}