{"id":113235,"date":"2013-04-09T17:06:39","date_gmt":"2013-04-09T20:06:39","guid":{"rendered":"http:\/\/revistapesquisa.fapesp.br\/?page_id=113235"},"modified":"2023-07-20T13:44:39","modified_gmt":"2023-07-20T16:44:39","slug":"quem-somos","status":"publish","type":"page","link":"https:\/\/revistapesquisa.fapesp.br\/es\/quem-somos\/","title":{"rendered":"Qui\u00e9nes somos"},"content":{"rendered":"<p><em>Pesquisa FAPESP<\/em> es la \u00fanica revista period\u00edstica especializada en la cobertura de la producci\u00f3n cient\u00edfica y tecnol\u00f3gica de Brasil. Con reportajes, videos y p\u00f3dcast, esta publicaci\u00f3n aborda los resultados de investigaciones cient\u00edficas nacionales realizadas en todos los campos del conocimiento relevantes por su impacto intelectual, social o econ\u00f3mico. Su objetivo consiste en ampliar el acceso a dichos resultados y al mismo tiempo destacar a las personas, las instituciones y los procesos implicados en el quehacer cient\u00edfico. La revista es financiada por la <a href=\"https:\/\/fapesp.br\/\" target=\"_blank\" rel=\"noopener\">Fundaci\u00f3n de Apoyo a la Investigaci\u00f3n Cient\u00edfica del Estado de S\u00e3o Paulo (FAPESP)<\/a> y cuenta con la consultor\u00eda de investigadores vinculados a la Fundaci\u00f3n.<\/p>\n<a class=\"button-shortcode\" href=\"https:\/\/revistapesquisa.fapesp.br\/es\/expediente\/\">Equipo responsable<\/a>\n<a class=\"button-shortcode\" href=\"https:\/\/revistapesquisa.fapesp.br\/es\/fale-conosco\/\">Contacto<\/a>\n<p>&nbsp;<\/p>\n<h2>L\u00ednea de tiempo<\/h2>\n<\/div><a name=\"#quem_somos_es\"><\/a><iframe id=\"quem_somos_es\" style=\"overflow: hidden; width: 100%; height: calc(100vh - 200px)\" data-ratio_760=\"1.2\" data-ratio_1190=\"2.1\" class=\"resizable\" data-ratio=\"3.4\" src=\"https:\/\/revistapesquisa.fapesp.br\/wp-content\/revista_embeds\/quem_somos_es\/index.html?2068021083\"  scrolling=\"no\" noborders><\/iframe><div class=\"post-content sequence\">\n<p>&nbsp;<\/p>\n<h2>Qu\u00e9 hacemos<\/h2>\n<h5>La edici\u00f3n impresa<\/h5>\n<p>Con sus 100 p\u00e1ginas, la revista se publica mensualmente y su tiraje es de alrededor de 30 mil ejemplares. Puede encontr\u00e1rsela en quioscos de diarios y revistas y en librer\u00edas de todo Brasil, y a su vez existe la posibilidad de adquir\u00edrsela mediante suscripci\u00f3n. <em>Pesquisa FAPESP<\/em> tambi\u00e9n se distribuye entre investigadores, becarios y asesores <em>ad hoc<\/em> de la FAPESP.<\/p>\n<h5>El sitio web<\/h5>\n<p>En su direcci\u00f3n, revistapesquisa.fapesp.br, y en acceso abierto, puede encontrarse todo el contenido de la revista impresa en portugu\u00e9s, con sus traducciones en espa\u00f1ol y en ingl\u00e9s. Tambi\u00e9n se publican all\u00ed art\u00edculos exclusivos, p\u00f3dcast y videos.<\/p>\n<h5>P\u00f3dcast<\/h5>\n<p>El programa de noticias y entrevistas Pesquisa Brasil se transmite los s\u00e1bados por el sitio web de la revista, y se encuentra disponible en los principales agregadores de p\u00f3dcast. Fruto de una colaboraci\u00f3n con la radio USP FM, el mismo sale al aire durante la programaci\u00f3n de dicha emisora los viernes a las 13:00 en la ciudad de S\u00e3o Paulo (93.7 FM) y en la localidad paulista de Ribeir\u00e3o Preto (107.9 FM).<\/p>\n<h5>Videos<\/h5>\n<p>Cada dos semanas, <em>Pesquisa FAPESP<\/em> divulga un nuevo video en su canal de YouTube y en su <a href=\"https:\/\/revistapesquisa.fapesp.br\/videos\/\" target=\"_blank\" rel=\"noopener\">sitio web<\/a>. Estos videos se basan en los art\u00edculos y en las entrevistas que produce el equipo de edici\u00f3n.<\/p>\n<h5>Boletines<\/h5>\n<p>La revista elabora y ofrece diversos boletines con recortes tem\u00e1ticos, tales como innovaci\u00f3n e integridad cient\u00edfica, o temporales, como las novedades de la semana y el sumario de la edici\u00f3n mensual reci\u00e9n publicada, aparte de las versiones en espa\u00f1ol e ingl\u00e9s. Al registrarse en el <a href=\"http:\/\/revistapesquisa.fapesp.br\/newsletter\/\">sitio web de la revista<\/a>, los interesados seleccionan qu\u00e9 boletines desean recibir.<\/p>\n<p>&nbsp;<\/p>\n","protected":false},"excerpt":{"rendered":"Pesquisa FAPESP es la \u00fanica revista period\u00edstica especializada en la cobertura de la producci\u00f3n cient\u00edfica y tecnol\u00f3gica de Brasil. Con reportajes, videos y p\u00f3dcast, esta publicaci\u00f3n aborda los resultados de investigaciones cient\u00edficas nacionales realizadas en todos los campos del conocimiento relevantes por su impacto intelectual, social o econ\u00f3mico. Su objetivo consiste en ampliar el acceso&#8230; <a class=\"view-article\" href=\"https:\/\/revistapesquisa.fapesp.br\/es\/quem-somos\/\">Ver art\u00edculo<\/a>","protected":false},"author":445,"featured_media":0,"parent":0,"menu_order":0,"comment_status":"closed","ping_status":"closed","template":"","meta":{"_acf_changed":false,"_exactmetrics_skip_tracking":false,"_exactmetrics_sitenote_active":false,"_exactmetrics_sitenote_note":"","_exactmetrics_sitenote_category":0,"footnotes":""},"coauthors":[379],"class_list":["post-113235","page","type-page","status-publish","hentry"],"acf":[],"_links":{"self":[{"href":"https:\/\/revistapesquisa.fapesp.br\/es\/wp-json\/wp\/v2\/pages\/113235","targetHints":{"allow":["GET"]}}],"collection":[{"href":"https:\/\/revistapesquisa.fapesp.br\/es\/wp-json\/wp\/v2\/pages"}],"about":[{"href":"https:\/\/revistapesquisa.fapesp.br\/es\/wp-json\/wp\/v2\/types\/page"}],"author":[{"embeddable":true,"href":"https:\/\/revistapesquisa.fapesp.br\/es\/wp-json\/wp\/v2\/users\/445"}],"replies":[{"embeddable":true,"href":"https:\/\/revistapesquisa.fapesp.br\/es\/wp-json\/wp\/v2\/comments?post=113235"}],"version-history":[{"count":33,"href":"https:\/\/revistapesquisa.fapesp.br\/es\/wp-json\/wp\/v2\/pages\/113235\/revisions"}],"predecessor-version":[{"id":486686,"href":"https:\/\/revistapesquisa.fapesp.br\/es\/wp-json\/wp\/v2\/pages\/113235\/revisions\/486686"}],"wp:attachment":[{"href":"https:\/\/revistapesquisa.fapesp.br\/es\/wp-json\/wp\/v2\/media?parent=113235"}],"wp:term":[{"taxonomy":"author","embeddable":true,"href":"https:\/\/revistapesquisa.fapesp.br\/es\/wp-json\/wp\/v2\/coauthors?post=113235"}],"curies":[{"name":"wp","href":"https:\/\/api.w.org\/{rel}","templated":true}]}}