{"id":113261,"date":"2013-04-09T17:22:25","date_gmt":"2013-04-09T20:22:25","guid":{"rendered":"http:\/\/revistapesquisa.fapesp.br\/?page_id=113261"},"modified":"2013-04-09T17:22:37","modified_gmt":"2013-04-09T20:22:37","slug":"boletim","status":"publish","type":"page","link":"https:\/\/revistapesquisa.fapesp.br\/es\/boletim\/","title":{"rendered":"Boletim"},"content":{"rendered":"<p>Reg\u00edstrese y reciba gratuitamente nuestro bolet\u00edn electr\u00f3nico.<\/p>\n<p>&nbsp;<\/p>\n<p>&nbsp;<\/p>\n<p>[mailpress urlsubmgt=&#8217;1&#8242; txtsubmgt=&#8217;Your subscriptions&#8217;]<\/p>\n<p>&nbsp;<\/p>\n<p>&nbsp;<\/p>\n<p>&nbsp;<\/p>\n<p>&nbsp;<\/p>\n<p>&nbsp;<\/p>\n<p>&nbsp;<\/p>\n<p>&nbsp;<\/p>\n<p>&nbsp;<\/p>\n","protected":false},"excerpt":{"rendered":"Reg\u00edstrese y reciba gratuitamente nuestro bolet\u00edn electr\u00f3nico. &nbsp; &nbsp; [mailpress urlsubmgt=&#8217;1&#8242; txtsubmgt=&#8217;Your subscriptions&#8217;] &nbsp; &nbsp; &nbsp; &nbsp; &nbsp; &nbsp; &nbsp; &nbsp;","protected":false},"author":445,"featured_media":0,"parent":0,"menu_order":0,"comment_status":"open","ping_status":"open","template":"pages\/page-boletim.php","meta":{"_acf_changed":false,"_exactmetrics_skip_tracking":false,"_exactmetrics_sitenote_active":false,"_exactmetrics_sitenote_note":"","_exactmetrics_sitenote_category":0,"footnotes":""},"coauthors":[776],"class_list":["post-113261","page","type-page","status-publish","hentry"],"acf":[],"_links":{"self":[{"href":"https:\/\/revistapesquisa.fapesp.br\/es\/wp-json\/wp\/v2\/pages\/113261","targetHints":{"allow":["GET"]}}],"collection":[{"href":"https:\/\/revistapesquisa.fapesp.br\/es\/wp-json\/wp\/v2\/pages"}],"about":[{"href":"https:\/\/revistapesquisa.fapesp.br\/es\/wp-json\/wp\/v2\/types\/page"}],"author":[{"embeddable":true,"href":"https:\/\/revistapesquisa.fapesp.br\/es\/wp-json\/wp\/v2\/users\/445"}],"replies":[{"embeddable":true,"href":"https:\/\/revistapesquisa.fapesp.br\/es\/wp-json\/wp\/v2\/comments?post=113261"}],"version-history":[{"count":0,"href":"https:\/\/revistapesquisa.fapesp.br\/es\/wp-json\/wp\/v2\/pages\/113261\/revisions"}],"wp:attachment":[{"href":"https:\/\/revistapesquisa.fapesp.br\/es\/wp-json\/wp\/v2\/media?parent=113261"}],"wp:term":[{"taxonomy":"author","embeddable":true,"href":"https:\/\/revistapesquisa.fapesp.br\/es\/wp-json\/wp\/v2\/coauthors?post=113261"}],"curies":[{"name":"wp","href":"https:\/\/api.w.org\/{rel}","templated":true}]}}