{"id":113430,"date":"2013-04-10T12:52:33","date_gmt":"2013-04-10T15:52:33","guid":{"rendered":"http:\/\/revistapesquisa.fapesp.br\/?page_id=113430"},"modified":"2013-04-24T17:09:55","modified_gmt":"2013-04-24T20:09:55","slug":"anuncie","status":"publish","type":"page","link":"https:\/\/revistapesquisa.fapesp.br\/es\/revista\/anuncie\/","title":{"rendered":"Anuncie"},"content":{"rendered":"<div class=\"article_text\">\n<p>Los lectores t\u00edpicos de <i>Pesquisa FAPESP<\/i> cuentan con la m\u00e1s alta calificaci\u00f3n intelectual y profesional. Son cient\u00edficos y\/o docentes, estudiantes de posgrado, gestores de pol\u00edticas de ciencia y tecnolog\u00eda de todo el pa\u00eds, legisladores, ejecutivos y profesionales de investigaci\u00f3n y desarrollo del sector privado. Alrededor del 59% tiene entre 26 y 59 a\u00f1os. En la ejecuci\u00f3n de sus proyectos, ellos toman las decisiones de compra.<\/p>\n<p>&nbsp;<\/p>\n<p>Dir\u00edjase directamente a este p\u00fablico. Anuncie en <i>Pesquisa FAPESP<\/i>.<\/p>\n<p>&nbsp;<\/p>\n<p>Revista \u2013 formatos, especificaciones y costos:<\/p>\n<p>&nbsp;<\/p>\n<p><strong>MEDIDAS (sin sangr\u00eda):<\/strong><\/p>\n<\/div>\n<div class=\"article_text\">\n<table border=\"0\" cellspacing=\"1\" cellpadding=\"4\">\n<tbody>\n<tr>\n<td width=\"30%\"><strong>1 P\u00e1gina:<\/strong><\/td>\n<td width=\"70%\">20,8 cm de ancho\u00a0por 27,5 cm de altura<\/td>\n<\/tr>\n<tr>\n<td><strong>2\/3 de P\u00e1gina:<\/strong><\/td>\n<td>12,9 cm de ancho\u00a0por 27,5 cm de altura<\/td>\n<\/tr>\n<tr>\n<td><strong>1\/2 P\u00e1gina:<\/strong><\/td>\n<td>20,8 cm de largura por 13,75 cm de altura<\/td>\n<\/tr>\n<tr>\n<td><strong>1\/3 de P\u00e1gina:<\/strong><\/td>\n<td>6,7 cm de ancho\u00a0por 27,5 cm de altura<\/td>\n<\/tr>\n<tr>\n<td><strong>M\u00f3dulo de clasificados:<\/strong><\/td>\n<td>8,6 cm de ancho\u00a0por\u00a07,3 cm de altura<\/td>\n<\/tr>\n<\/tbody>\n<\/table>\n<p><strong>COSTOS:<\/strong><\/p>\n<table style=\"width: 400px;\" border=\"0\" cellspacing=\"1\" cellpadding=\"4\">\n<tbody>\n<tr>\n<td width=\"30%\"><strong>2a.tapa:<\/strong><\/td>\n<td width=\"70%\">R$ 30.500,00<\/td>\n<\/tr>\n<tr>\n<td><strong>3a.tapa:<\/strong><\/td>\n<td>R$ 30.500,00<\/td>\n<\/tr>\n<tr>\n<td><strong>4a.tapa:<\/strong><\/td>\n<td>R$ 32.800,00<\/td>\n<\/tr>\n<tr>\n<td><strong>1 p\u00e1gina:<\/strong><\/td>\n<td>R$ 23.400,00<\/td>\n<\/tr>\n<tr>\n<td><strong>2\/3 de p\u00e1gina:<\/strong><\/td>\n<td>R$ 18.500,00<\/td>\n<\/tr>\n<tr>\n<td><strong>1\/2 p\u00e1gina:<\/strong><\/td>\n<td>R$ 15.200,00<\/td>\n<\/tr>\n<tr>\n<td><strong>1\/3 de p\u00e1gina:<\/strong><\/td>\n<td>R$ 11.700,00<\/td>\n<\/tr>\n<tr>\n<td><strong>Clasificados:<\/strong><\/td>\n<td>R$ 1.060,00 por m\u00f3dulo (6 m\u00f3dulos por p\u00e1gina)<\/td>\n<\/tr>\n<\/tbody>\n<\/table>\n<p><strong>ESPECIFICACIONES DEL MATERIAL:<\/strong><\/p>\n<table border=\"0\" cellspacing=\"1\" cellpadding=\"4\">\n<tbody>\n<tr>\n<td width=\"30%\"><strong>Archivos:<\/strong><\/td>\n<td width=\"70%\">JPG do Photoshop con 300 DPI \u00f3\u00a0PDF<\/td>\n<\/tr>\n<tr>\n<td><strong>Plataforma:<\/strong><\/td>\n<td>Macintosh o PC<\/td>\n<\/tr>\n<tr>\n<td><strong>Prueba de color:<\/strong><\/td>\n<td>Prueba digital<\/td>\n<\/tr>\n<tr>\n<td><strong>Impresi\u00f3n:<\/strong><\/td>\n<td>Offset \/ 4 colores (cmyk)<\/td>\n<\/tr>\n<tr>\n<td><strong>Tama\u00f1o de la revista:<\/strong><\/td>\n<td>20,8 cm x 27,5 cm (cerrada) + 0,5 cm de sangr\u00eda<\/td>\n<\/tr>\n<tr>\n<td><strong>Acabado:<\/strong><\/td>\n<td>Lomo cuadrado<\/td>\n<\/tr>\n<\/tbody>\n<\/table>\n<p><strong>FECHA DE LLEGADA A LOS KIOSCOS:<\/strong> Durante la 2a. semana de cada mes<\/p>\n<p><strong>PLAZO DE PAGO:<\/strong> el \u00faltimo d\u00eda del mes de la edici\u00f3n<\/p>\n<p><strong>PLAZO DE ENTREGA DEL MATERIAL:<\/strong> el d\u00eda 25 del mes anterior a la fecha estampada en la portada<\/p>\n<p>&nbsp;<\/p>\n<p><strong>Sitio <i>web<\/i><\/strong><\/p>\n<p>&nbsp;<\/p>\n<p>Formatos, especificaciones y costos vigentes para el sitio de <i>Pesquisa FAPESP<\/i><\/p>\n<table style=\"width: 600px;\" border=\"0\" cellspacing=\"1\" cellpadding=\"4\">\n<tbody>\n<tr>\n<td width=\"20%\"><span style=\"font-size: xx-small;\"><strong>PRODUTO<\/strong><\/span><\/td>\n<td width=\"20%\"><span style=\"font-size: xx-small;\"><strong>FORMATO<\/strong><strong> (P\u00cdXELES)<\/strong><\/span><\/td>\n<td width=\"20%\"><span style=\"font-size: xx-small;\"><strong>PESO <\/strong><strong>M\u00c1XIMO<\/strong><\/span><\/td>\n<td width=\"20%\"><span style=\"font-size: xx-small;\"><strong>TECNOLOGIA<\/strong><\/span><\/td>\n<td width=\"20%\"><span style=\"font-size: xx-small;\"><strong>CPM*<\/strong><\/span><\/td>\n<\/tr>\n<tr>\n<td width=\"20%\"><strong>Banner cuadrado<\/strong><\/td>\n<td width=\"20%\">250 X 250<\/td>\n<td width=\"20%\">35 KB<\/td>\n<td width=\"20%\">JPG, GIF, FLASH<\/td>\n<td width=\"20%\">R$ 30,00<\/td>\n<\/tr>\n<tr>\n<td width=\"20%\"><strong>Banner<\/strong><\/td>\n<td width=\"20%\">120 X 120<\/td>\n<td width=\"20%\">20 KB<\/td>\n<td width=\"20%\">JPG, GIF, FLASH<\/td>\n<td width=\"20%\">R$ 20,00<\/td>\n<\/tr>\n<tr>\n<td width=\"20%\"><strong>Banner rectangular<\/strong><\/td>\n<td width=\"20%\">120 X 60<\/td>\n<td width=\"20%\">20 KB<\/td>\n<td width=\"20%\">JPG, GIF, FLASH<\/td>\n<td width=\"20%\">R$ 16,00<\/td>\n<\/tr>\n<\/tbody>\n<\/table>\n<p style=\"text-align: left;\">*Costo por mil<\/p>\n<p>n\u00ba de accesos: 65.340\u00a0por mes<\/p>\n<p>n\u00ba p\u00e1ginas o impresiones: 166.247\u00a0por mes<\/p>\n<p><strong>PER\u00cdODO M\u00cdNIMO DE EMISI\u00d3N:<\/strong> una semana<\/p>\n<p><strong>PLAZO DE PAGO:<\/strong> 15 d\u00edas una vez concluida la emisi\u00f3n<\/p>\n<p><strong>PLAZO DE ENTREGA DEL MATERIAL:<\/strong> 2 d\u00edas h\u00e1biles antes del comienzo de la emisi\u00f3n<\/p>\n<p><strong>PARA ANUNCIAR, ENTRE EN CONTACTO:<\/strong> <a href=\"mailto:publicidade@fapesp.br\">publicidade@fapesp.br<\/a><\/p>\n<\/div>\n","protected":false},"excerpt":{"rendered":"Los lectores t\u00edpicos de Pesquisa FAPESP cuentan con la m\u00e1s alta calificaci\u00f3n intelectual y profesional. Son cient\u00edficos y\/o docentes, estudiantes de posgrado, gestores de pol\u00edticas de ciencia y tecnolog\u00eda de todo el pa\u00eds, legisladores, ejecutivos y profesionales de investigaci\u00f3n y desarrollo del sector privado. Alrededor del 59% tiene entre 26 y 59 a\u00f1os. En la&#8230; <a class=\"view-article\" href=\"https:\/\/revistapesquisa.fapesp.br\/es\/revista\/anuncie\/\">Ver art\u00edculo<\/a>","protected":false},"author":445,"featured_media":0,"parent":8245,"menu_order":0,"comment_status":"open","ping_status":"closed","template":"pages\/page-oculum.php","meta":{"_acf_changed":false,"_exactmetrics_skip_tracking":false,"_exactmetrics_sitenote_active":false,"_exactmetrics_sitenote_note":"","_exactmetrics_sitenote_category":0,"footnotes":""},"coauthors":[130,776],"class_list":["post-113430","page","type-page","status-publish","hentry"],"acf":[],"_links":{"self":[{"href":"https:\/\/revistapesquisa.fapesp.br\/es\/wp-json\/wp\/v2\/pages\/113430","targetHints":{"allow":["GET"]}}],"collection":[{"href":"https:\/\/revistapesquisa.fapesp.br\/es\/wp-json\/wp\/v2\/pages"}],"about":[{"href":"https:\/\/revistapesquisa.fapesp.br\/es\/wp-json\/wp\/v2\/types\/page"}],"author":[{"embeddable":true,"href":"https:\/\/revistapesquisa.fapesp.br\/es\/wp-json\/wp\/v2\/users\/445"}],"replies":[{"embeddable":true,"href":"https:\/\/revistapesquisa.fapesp.br\/es\/wp-json\/wp\/v2\/comments?post=113430"}],"version-history":[{"count":0,"href":"https:\/\/revistapesquisa.fapesp.br\/es\/wp-json\/wp\/v2\/pages\/113430\/revisions"}],"up":[{"embeddable":true,"href":"https:\/\/revistapesquisa.fapesp.br\/es\/wp-json\/wp\/v2\/pages\/8245"}],"wp:attachment":[{"href":"https:\/\/revistapesquisa.fapesp.br\/es\/wp-json\/wp\/v2\/media?parent=113430"}],"wp:term":[{"taxonomy":"author","embeddable":true,"href":"https:\/\/revistapesquisa.fapesp.br\/es\/wp-json\/wp\/v2\/coauthors?post=113430"}],"curies":[{"name":"wp","href":"https:\/\/api.w.org\/{rel}","templated":true}]}}