{"id":113464,"date":"2013-04-10T13:04:41","date_gmt":"2013-04-10T16:04:41","guid":{"rendered":"http:\/\/revistapesquisa.fapesp.br\/?page_id=113464"},"modified":"2022-08-11T17:00:27","modified_gmt":"2022-08-11T20:00:27","slug":"fale-conosco","status":"publish","type":"page","link":"https:\/\/revistapesquisa.fapesp.br\/es\/fale-conosco\/","title":{"rendered":"Contacto"},"content":{"rendered":"<h2><\/h2>\n<a class=\"button-shortcode\" href=\"https:\/\/revistapesquisa.fapesp.br\/es\/quem-somos\/\">Qui\u00e9nes somos<\/a>\n<a class=\"button-shortcode\" href=\"https:\/\/revistapesquisa.fapesp.br\/es\/expediente\/\">Equipo responsable<\/a>\n<p>&nbsp;<\/p>\n<h2 class=\"highlight\">Para anunciar<\/h2>\n<p>Env\u00ede un e-mail a\u00a0<a href=\"mailto:publicidade@fapesp.br\">publicidade@fapesp.br<\/a><\/p>\n<h2 class=\"highlight\">Suscripci\u00f3n, renovaci\u00f3n y cambio de domicilio<\/h2>\n<p>Env\u00ede un e-mail a\u00a0<a href=\"mailto:assinaturaspesquisa@fapesp.br\">assinaturaspesquisa@fapesp.br<\/a>, o llame: (55 11) 3037-4237<\/p>\n<h2 class=\"highlight\">Suscripciones de investigadores y becarios<\/h2>\n<p>Env\u00ede un e-mail a\u00a0<a href=\"mailto:assinaturaspesquisa@fapesp.br\">assinaturaspesquisa@fapesp.br<\/a><\/p>\n<h2 class=\"highlight\">Adquisici\u00f3n de n\u00fameros anteriores<\/h2>\n<p>El precio actual de la portada de la revista m\u00e1s el costo de env\u00edo.<br \/>\nEnv\u00ede un e-mail a <u><a href=\"mailto:assinaturaspesquisa@fapesp.br\" target=\"_blank\" rel=\"noopener\">assinaturaspesquisa@<wbr \/>fapesp.br<\/a><\/u><\/p>\n<h2 class=\"highlight\">Opiniones y sugerencias<\/h2>\n<p>Env\u00ede sus cartas a la redacci\u00f3n de\u00a0<i>Pesquisa FAPESP<\/i><\/p>\n<p>Rua Joaquim Antunes 727, Pinheiros, S\u00e3o Paulo-SP, CEP 05415-012, Brasil<\/p>\n<p>Por tel\u00e9fono, llame al: (55 11) 3087-4210.<\/p>\n<p>Por e-mail:\u00a0<a href=\"mailto:cartas@fapesp.br\">cartas@fapesp.br<\/a><\/p>\n<p>&nbsp;<\/p>\n","protected":false},"excerpt":{"rendered":"&nbsp; Para anunciar Env\u00ede un e-mail a\u00a0publicidade@fapesp.br Suscripci\u00f3n, renovaci\u00f3n y cambio de domicilio Env\u00ede un e-mail a\u00a0assinaturaspesquisa@fapesp.br, o llame: (55 11) 3037-4237 Suscripciones de investigadores y becarios Env\u00ede un e-mail a\u00a0assinaturaspesquisa@fapesp.br Adquisici\u00f3n de n\u00fameros anteriores El precio actual de la portada de la revista m\u00e1s el costo de env\u00edo. Env\u00ede un e-mail a assinaturaspesquisa@fapesp.br Opiniones&#8230; <a class=\"view-article\" href=\"https:\/\/revistapesquisa.fapesp.br\/es\/fale-conosco\/\">Ver art\u00edculo<\/a>","protected":false},"author":445,"featured_media":0,"parent":0,"menu_order":0,"comment_status":"open","ping_status":"closed","template":"","meta":{"_acf_changed":false,"_exactmetrics_skip_tracking":false,"_exactmetrics_sitenote_active":false,"_exactmetrics_sitenote_note":"","_exactmetrics_sitenote_category":0,"footnotes":""},"coauthors":[776],"class_list":["post-113464","page","type-page","status-publish","hentry"],"acf":[],"_links":{"self":[{"href":"https:\/\/revistapesquisa.fapesp.br\/es\/wp-json\/wp\/v2\/pages\/113464","targetHints":{"allow":["GET"]}}],"collection":[{"href":"https:\/\/revistapesquisa.fapesp.br\/es\/wp-json\/wp\/v2\/pages"}],"about":[{"href":"https:\/\/revistapesquisa.fapesp.br\/es\/wp-json\/wp\/v2\/types\/page"}],"author":[{"embeddable":true,"href":"https:\/\/revistapesquisa.fapesp.br\/es\/wp-json\/wp\/v2\/users\/445"}],"replies":[{"embeddable":true,"href":"https:\/\/revistapesquisa.fapesp.br\/es\/wp-json\/wp\/v2\/comments?post=113464"}],"version-history":[{"count":3,"href":"https:\/\/revistapesquisa.fapesp.br\/es\/wp-json\/wp\/v2\/pages\/113464\/revisions"}],"predecessor-version":[{"id":447862,"href":"https:\/\/revistapesquisa.fapesp.br\/es\/wp-json\/wp\/v2\/pages\/113464\/revisions\/447862"}],"wp:attachment":[{"href":"https:\/\/revistapesquisa.fapesp.br\/es\/wp-json\/wp\/v2\/media?parent=113464"}],"wp:term":[{"taxonomy":"author","embeddable":true,"href":"https:\/\/revistapesquisa.fapesp.br\/es\/wp-json\/wp\/v2\/coauthors?post=113464"}],"curies":[{"name":"wp","href":"https:\/\/api.w.org\/{rel}","templated":true}]}}