{"id":447444,"date":"2022-08-11T13:10:01","date_gmt":"2022-08-11T16:10:01","guid":{"rendered":"https:\/\/revistapesquisa.fapesp.br\/?page_id=447444"},"modified":"2024-04-15T15:56:35","modified_gmt":"2024-04-15T18:56:35","slug":"equipo-responsable","status":"publish","type":"page","link":"https:\/\/revistapesquisa.fapesp.br\/es\/equipo-responsable\/","title":{"rendered":"Equipo responsable"},"content":{"rendered":"<p>&nbsp;<\/p>\n<a class=\"button-shortcode\" href=\"https:\/\/revistapesquisa.fapesp.br\/es\/quem-somos\/\">Qui\u00e9nes somos<\/a>\n<a class=\"button-shortcode\" href=\"https:\/\/revistapesquisa.fapesp.br\/es\/fale-conosco\/\">Contacto<\/a>\n<p>&nbsp;<\/p>\n<p><strong>Coordinador cient\u00edfico<\/strong>: Luiz Henrique Lopes dos Santos<\/p>\n<p><strong>Directora de redacc\u00edon:<\/strong>\u00a0<a href=\"mailto:alexandra@fapesp.br\">Alexandra Ozorio de Almeida<\/a><\/p>\n<p><strong>Editor en jefe:<\/strong> <a href=\"mailto:neldson@fapesp.br\" target=\"_blank\" rel=\"noopener noreferrer\">Neldson Marcolin<\/a><\/p>\n<p><strong>Editores:<\/strong> <a href=\"mailto:fmarques@fapesp.br\" target=\"_blank\" rel=\"noopener noreferrer\">Fabr\u00edcio Marques<\/a> (<em>Pol\u00edtica cient\u00edfica y tecnol\u00f3gica<\/em>),\u00a0<a href=\"mailto:%20glenda@fapesp.br\" target=\"_blank\" rel=\"noopener noreferrer\">Glenda Mezarobba<\/a> (<em>Humanidades<\/em>),\u00a0<a href=\"mailto:pivetta@fapesp.br\" target=\"_blank\" rel=\"noopener noreferrer\">Marco<wbr \/>s Pivetta<\/a> (<em>Ciencia<\/em>),\u00a0<a href=\"mailto:yuriv@uol.com\" target=\"_blank\" rel=\"noopener noreferrer\">Yuri Vasconcelos<\/a> (<em>Tecnolog\u00eda<\/em>), <a href=\"mailto:fiora@fapesp.br\" target=\"_blank\" rel=\"noopener noreferrer\">Carlos Fioravanti<\/a>\u00a0y <a href=\"mailto: ricardog@fapesp.br\">Ricardo Zorzetto<\/a>\u00a0(<em>Editores especiales<\/em>)<\/p>\n<p><strong>Reporteros:<\/strong>\u00a0<a href=\"mailto:queirozchris@gmail.com\" target=\"_blank\" rel=\"noopener noreferrer\">Christina Queiroz <\/a>y <a href=\"mailto:randrade@fapesp.br\" target=\"_blank\" rel=\"noopener noreferrer\">Rodrigo de Oliveira Andrade<\/a><\/p>\n<p><strong>Redactoras:<\/strong> Kezia Stringhini (<em>Sitio web<\/em>) y <a href=\"mailto:rprado@fapesp.br\" target=\"_blank\" rel=\"noopener noreferrer\">Renata Oliveira do Prado<\/a> (<em>Medios sociales<\/em>)<\/p>\n<p><strong>Medios electr\u00f3nicos<\/strong>: Fabr\u00edcio Marques (<em>Coordinador<\/em>), <a href=\"mailto:guimaraes@fapesp.br\">Maria Guimar\u00e3es<\/a> (<em>Editora ejecutiva<\/em>), Renata Oliveira do Prado (<em>Editora de medios sociales<\/em>), <a href=\"mailto:jlo@fapesp.br\" target=\"_blank\" rel=\"noopener noreferrer\">Jayne Oliveira<\/a> (<em>Redactora de medios sociales<\/em>), Kezia Stringhini (<em>Redactora online<\/em>), Vit\u00f3ria do Couto (<em>Dise\u00f1adora digital<\/em>) y Sarah Caravieri (<em>Productora del programa de radio <\/em>Pesquisa Brasil)<\/p>\n<p><strong>Videos:<\/strong> Renata Druck y Bruno Horowicz Rezende (<em>Producci\u00f3n<\/em>)<\/p>\n<p><strong>Arte:<\/strong> <a href=\"mailto:claudiawarrak2@gmail.com\" target=\"_blank\" rel=\"noopener noreferrer\">Claudia Warrak<\/a> (<em>Editora<\/em>), J\u00falia Cherem Rodrigues y <a href=\"mailto:mcfelli@fapesp.br\" target=\"_blank\" rel=\"noopener noreferrer\">Maria Cecilia Felli<\/a> (<em>Dise\u00f1adoras<\/em>), Alexandre Afonso (<em>Editor de infograf\u00edas<\/em><em>)<\/em><\/p>\n<p><strong>Fot\u00f3grafo:<\/strong> <a href=\"mailto:leoramoschaves@gmail.com\" target=\"_blank\" rel=\"noopener noreferrer\">L\u00e9o Ramos Chaves<\/a><\/p>\n<p><strong>Banco de im\u00e1genes: <\/strong><a href=\"mailto:vrsilva@fapesp.br\" target=\"_blank\" rel=\"noopener noreferrer\">Valter Rodrigues<\/a><\/p>\n<p><strong>Revisi\u00f3n:<\/strong> Alexandre Oliveira y Marg\u00f4 Negro<\/p>\n<p><strong>M<em>arketing <\/em>y publicidad:<\/strong>\u00a0<a href=\"mailto:mpiliadis@fapesp.br\" target=\"_blank\" rel=\"noopener noreferrer\">Paula Iliadis<\/a><\/p>\n<p><strong>Circulaci\u00f3n:<\/strong> <a href=\"mailto:AFernandes@fapesp.br\" target=\"_blank\" rel=\"noopener noreferrer\">Aparecida Fernandes<\/a><\/p>\n<p><strong>Operaciones:<\/strong> <a href=\"mailto:andressa@fapesp.br\" target=\"_blank\" rel=\"noopener noreferrer\">Andressa Matias<\/a><\/p>\n<p><strong>Secretaria de redacci\u00f3n:<\/strong> <a href=\"mailto:idt@fapesp.br\" target=\"_blank\" rel=\"noopener noreferrer\">Ingrid Teodoro<\/a><\/p>\n<p><strong>Traducci\u00f3n de la versi\u00f3n en espa\u00f1ol:<\/strong> Damian Kraus<\/p>\n<p><strong>Traducci\u00f3n de la versi\u00f3n en ingl\u00e9s:\u00a0<\/strong>Tracy Smith Miyake, Tom Jamieson, Danielle Deremo Cosimo, Peter David Hunrichs y Tiago Van Rheenen. <strong>Coordinador\/revisi\u00f3n:<\/strong> Ricardo Cunha Lay. Ediciones 254, 258 y desde la 260 en adelante.<\/p>\n<p>TransConsult, Fairfax, VA \u2013 Alberto Abreu, Alison Carroll, Betty E. Welker, Diane Grosklaus Whitty, Donna H. Sandin, Doris M. Schraft, Kathy Ann Mutz, Laura Hafner, Naomi Sutcliffe de Moraes y Steven Sachs. <strong>Coordinadora\/revisi\u00f3n<\/strong>: Kim F. Olson. Ediciones desde la 195 hasta la 259 (excepto las ediciones 254 y 258).<\/p>\n<p><strong>Comit\u00e9 cient\u00edfico:<\/strong> Luiz Henrique Lopes dos Santos (Presidente), Agma Juci Machado Traina, Am\u00e9rico Martins Craveiro, Anamaria Aranha Camargo, Ana Maria Fonseca Almeida, Angela Maria Alonso, Carlos Am\u00e9rico Pacheco, Claudia L\u00facia Mendes de Oliveira, Deisy das Gra\u00e7as de Souza, Douglas Eduardo Zampieri, Eduardo de Senzi Zancul, Euclides de Mesquita Neto, Fabio Kon, Fl\u00e1vio Vieira Meirelles, Francisco Rafael Martins Laurindo, Jo\u00e3o Luiz Filgueiras de Azevedo, Jos\u00e9 Roberto de Fran\u00e7a Arruda, Lilian Amorim, Lucio Angnes, Luciana Harumi Hashiba Maestrelli Horta, Mariana Cabral de Oliveira, Marco Antonio Zago, Marie-Anne Van Sluys, Maria Julia Manso Alves, Marta Teresa da Silva Arretche, Reinaldo Salom\u00e3o, Richard Charles Garratt, Roberto Marcondes Cesar J\u00fanior, Wagner Caradori do Amaral y Walter Colli<\/p>\n<h5>FAPESP<\/h5>\n<p><a href=\"https:\/\/fapesp.br\/32\/conselho-superior-da-fapesp\">Consejo Superior<\/a><\/p>\n<p><a href=\"https:\/\/fapesp.br\/73\/conselho-tecnico-administrativo-da-fapesp\">Consejo T\u00e9cnico Administrativo<\/a><\/p>\n<h5>Suscripci\u00f3n<\/h5>\n<p>Tel\u00e9fono: (+55 11) 3087-4237<br \/>\nE-mail: <a href=\"mailto:assinaturaspesquisa@fapesp.br\" target=\"_blank\" rel=\"noopener noreferrer\">assinaturaspesquisa@fapesp.br<\/a><\/p>\n<h5>Publicidad<\/h5>\n<p>Paula Iliadis<br \/>\nTel: (+55 11) 3087-4212<br \/>\nE-mail: <a href=\"mailto:publicidade@fapesp.br\" target=\"_blank\" rel=\"noopener noreferrer\">publicidade@fapesp.br<\/a><\/p>\n<h5>Revista Pesquisa FAPESP<\/h5>\n<p>Rua Joaquim Antunes, n\u00ba 727, 10\u00b0 piso, CEP 05415-012<br \/>\nPinheiros \u2013 S\u00e3o Paulo \u2013 SP, Brasil<br \/>\nTel\u00e9fono: (+55 11) 3087-4210.<br \/>\nE-mail: <a href=\"mailto:redacao@fapesp.br\">redacao@fapesp.br<\/a><\/p>\n<p>Los art\u00edculos de opini\u00f3n no reflejan necesariamente la visi\u00f3n de la FAPESP.<\/p>\n<p>Se permite la reproducci\u00f3n de este art\u00edculo en medios digitales <a href=\"https:\/\/creativecommons.org\/licenses\/by-nc-nd\/2.0\/\" target=\"_blank\" rel=\"noopener\">de acuerdo con la licencia Creative Commons CC-BY-NC-ND<\/a>. Para ello es obligatorio el cumplimiento de la Pol\u00edtica de Reproducci\u00f3n Digital de Contenidos de <em>Pesquisa FAPESP<\/em> que se especifica aqu\u00ed. En s\u00edntesis: no deber\u00e1 editarse el texto y deber\u00e1 adjudic\u00e1rsele su autor\u00eda, como as\u00ed tambi\u00e9n deber\u00e1 consignarse la fuente (<em>Pesquisa FAPESP<\/em>). La utilizaci\u00f3n del bot\u00f3n \u201cpublicar nuevamente el art\u00edculo completo (con im\u00e1genes e infograf\u00edas)\u201d permite contemplar estas normas.<\/p>\n<p>En caso de dudas referentes a nuestra orientaci\u00f3n, cont\u00e1ctenos v\u00eda\u00a0<u><a href=\"mailto:redacao@fapesp.br\">redacao@fapesp.br<\/a><\/u>.<\/p>\n","protected":false},"excerpt":{"rendered":"&nbsp; &nbsp; Coordinador cient\u00edfico: Luiz Henrique Lopes dos Santos Directora de redacc\u00edon:\u00a0Alexandra Ozorio de Almeida Editor en jefe: Neldson Marcolin Editores: Fabr\u00edcio Marques (Pol\u00edtica cient\u00edfica y tecnol\u00f3gica),\u00a0Glenda Mezarobba (Humanidades),\u00a0Marcos Pivetta (Ciencia),\u00a0Yuri Vasconcelos (Tecnolog\u00eda), Carlos Fioravanti\u00a0y Ricardo Zorzetto\u00a0(Editores especiales) Reporteros:\u00a0Christina Queiroz y Rodrigo de Oliveira Andrade Redactoras: Kezia Stringhini (Sitio web) y Renata Oliveira do Prado&#8230; <a class=\"view-article\" href=\"https:\/\/revistapesquisa.fapesp.br\/es\/equipo-responsable\/\">Ver art\u00edculo<\/a>","protected":false},"author":475,"featured_media":0,"parent":0,"menu_order":0,"comment_status":"closed","ping_status":"closed","template":"","meta":{"_acf_changed":false,"_exactmetrics_skip_tracking":false,"_exactmetrics_sitenote_active":false,"_exactmetrics_sitenote_note":"","_exactmetrics_sitenote_category":0,"footnotes":""},"coauthors":[785],"class_list":["post-447444","page","type-page","status-publish","hentry"],"acf":[],"_links":{"self":[{"href":"https:\/\/revistapesquisa.fapesp.br\/es\/wp-json\/wp\/v2\/pages\/447444","targetHints":{"allow":["GET"]}}],"collection":[{"href":"https:\/\/revistapesquisa.fapesp.br\/es\/wp-json\/wp\/v2\/pages"}],"about":[{"href":"https:\/\/revistapesquisa.fapesp.br\/es\/wp-json\/wp\/v2\/types\/page"}],"author":[{"embeddable":true,"href":"https:\/\/revistapesquisa.fapesp.br\/es\/wp-json\/wp\/v2\/users\/475"}],"replies":[{"embeddable":true,"href":"https:\/\/revistapesquisa.fapesp.br\/es\/wp-json\/wp\/v2\/comments?post=447444"}],"version-history":[{"count":12,"href":"https:\/\/revistapesquisa.fapesp.br\/es\/wp-json\/wp\/v2\/pages\/447444\/revisions"}],"predecessor-version":[{"id":509294,"href":"https:\/\/revistapesquisa.fapesp.br\/es\/wp-json\/wp\/v2\/pages\/447444\/revisions\/509294"}],"wp:attachment":[{"href":"https:\/\/revistapesquisa.fapesp.br\/es\/wp-json\/wp\/v2\/media?parent=447444"}],"wp:term":[{"taxonomy":"author","embeddable":true,"href":"https:\/\/revistapesquisa.fapesp.br\/es\/wp-json\/wp\/v2\/coauthors?post=447444"}],"curies":[{"name":"wp","href":"https:\/\/api.w.org\/{rel}","templated":true}]}}